{"id":6,"date":"2019-04-02T15:55:16","date_gmt":"2019-04-02T15:55:16","guid":{"rendered":"http:\/\/bibesur.uprrp.edu\/?page_id=6"},"modified":"2023-07-13T14:16:46","modified_gmt":"2023-07-13T14:16:46","slug":"estudios-urbanos-bibliografia","status":"publish","type":"page","link":"https:\/\/bibesur.uprrp.edu\/","title":{"rendered":"Presentaci\u00f3n"},"content":{"rendered":"<div><\/div>\n<div>\n\t\t\t<!-- START Estudios urbanos REVOLUTION SLIDER 6.5.25 --><p class=\"rs-p-wp-fix\"><\/p>\n\t\t\t<rs-module-wrap id=\"rev_slider_1_1_wrapper\" data-source=\"gallery\" style=\"visibility:hidden;background:transparent;padding:0;margin:0px auto;margin-top:0;margin-bottom:0;\">\n\t\t\t\t<rs-module id=\"rev_slider_1_1\" style=\"\" data-version=\"6.5.25\">\n\t\t\t\t\t<rs-slides>\n\t\t\t\t\t\t<rs-slide style=\"position: absolute;\" data-key=\"rs-3\" data-title=\"Slide\" data-duration=\"3000\" data-in=\"o:0;\" data-out=\"a:false;\">\n\t\t\t\t\t\t\t<img decoding=\"async\" src=\"\/\/bibesur.uprrp.edu\/wp-content\/plugins\/revslider\/public\/assets\/assets\/dummy.png\" alt=\"\" title=\"sanj_0225\" width=\"3468\" height=\"2226\" class=\"rev-slidebg tp-rs-img rs-lazyload\" data-lazyload=\"\/\/bibesur.uprrp.edu\/wp-content\/uploads\/2019\/04\/sanj_0225.jpg\" data-no-retina>\n<!--\n\t\t\t\t\t\t\t--><rs-layer\n\t\t\t\t\t\t\t\tid=\"slider-1-slide-3-layer-1\" \n\t\t\t\t\t\t\t\tdata-type=\"image\"\n\t\t\t\t\t\t\t\tdata-rsp_ch=\"on\"\n\t\t\t\t\t\t\t\tdata-xy=\"x:-87px;y:-81px;\"\n\t\t\t\t\t\t\t\tdata-text=\"l:22;a:inherit;\"\n\t\t\t\t\t\t\t\tdata-dim=\"w:1270px;h:815px;\"\n\t\t\t\t\t\t\t\tdata-frame_1=\"sR:10;\"\n\t\t\t\t\t\t\t\tdata-frame_999=\"o:0;st:w;sp:10;sR:2690;\"\n\t\t\t\t\t\t\t\tstyle=\"z-index:5;\"\n\t\t\t\t\t\t\t><img decoding=\"async\" src=\"\/\/bibesur.uprrp.edu\/wp-content\/plugins\/revslider\/public\/assets\/assets\/dummy.png\" alt=\"\" class=\"tp-rs-img rs-lazyload\" data-lazyload=\"\" data-no-retina> \n\t\t\t\t\t\t\t<\/rs-layer><!--\n-->\t\t\t\t\t\t<\/rs-slide>\n\t\t\t\t\t\t<rs-slide style=\"position: absolute;\" data-key=\"rs-15\" data-title=\"Slide\" data-duration=\"3010\" data-in=\"o:0;\" data-out=\"a:false;\">\n\t\t\t\t\t\t\t<img decoding=\"async\" src=\"\/\/bibesur.uprrp.edu\/wp-content\/plugins\/revslider\/public\/assets\/assets\/dummy.png\" alt=\"\" title=\"sanj_0288\" width=\"3450\" height=\"2238\" class=\"rev-slidebg tp-rs-img rs-lazyload\" data-lazyload=\"\/\/bibesur.uprrp.edu\/wp-content\/uploads\/2019\/04\/sanj_0288.jpg\" data-no-retina>\n<!--\n\t\t\t\t\t\t\t--><rs-layer\n\t\t\t\t\t\t\t\tid=\"slider-1-slide-15-layer-5\" \n\t\t\t\t\t\t\t\tdata-type=\"image\"\n\t\t\t\t\t\t\t\tdata-rsp_ch=\"on\"\n\t\t\t\t\t\t\t\tdata-xy=\"x:-23px;y:-101px;\"\n\t\t\t\t\t\t\t\tdata-text=\"l:22;a:inherit;\"\n\t\t\t\t\t\t\t\tdata-dim=\"w:1065px;h:708px;\"\n\t\t\t\t\t\t\t\tdata-frame_999=\"o:0;st:w;sR:2710;\"\n\t\t\t\t\t\t\t\tstyle=\"z-index:6;\"\n\t\t\t\t\t\t\t><img decoding=\"async\" src=\"\/\/bibesur.uprrp.edu\/wp-content\/plugins\/revslider\/public\/assets\/assets\/dummy.png\" alt=\"\" class=\"tp-rs-img rs-lazyload\" data-lazyload=\"\" data-no-retina> \n\t\t\t\t\t\t\t<\/rs-layer><!--\n-->\t\t\t\t\t\t<\/rs-slide>\n\t\t\t\t\t\t<rs-slide style=\"position: absolute;\" data-key=\"rs-5\" data-title=\"Slide\" data-duration=\"3010\" data-in=\"o:0;\" data-out=\"a:false;\">\n\t\t\t\t\t\t\t<img decoding=\"async\" src=\"\/\/bibesur.uprrp.edu\/wp-content\/plugins\/revslider\/public\/assets\/assets\/dummy.png\" alt=\"\" title=\"Image 2019-04-22\" width=\"1024\" height=\"768\" class=\"rev-slidebg tp-rs-img rs-lazyload\" data-lazyload=\"\/\/bibesur.uprrp.edu\/wp-content\/uploads\/2019\/04\/Image-2019-04-22.jpeg\" data-no-retina>\n<!--\n\t\t\t\t\t\t\t--><rs-layer\n\t\t\t\t\t\t\t\tid=\"slider-1-slide-5-layer-1\" \n\t\t\t\t\t\t\t\tdata-type=\"image\"\n\t\t\t\t\t\t\t\tdata-rsp_ch=\"on\"\n\t\t\t\t\t\t\t\tdata-xy=\"x:-66px;y:-77px;\"\n\t\t\t\t\t\t\t\tdata-text=\"l:22;a:inherit;\"\n\t\t\t\t\t\t\t\tdata-dim=\"w:1138px;h:738px;\"\n\t\t\t\t\t\t\t\tdata-frame_1=\"sR:10;\"\n\t\t\t\t\t\t\t\tdata-frame_999=\"o:0;st:w;sp:10;sR:2700;\"\n\t\t\t\t\t\t\t\tstyle=\"z-index:5;\"\n\t\t\t\t\t\t\t><img decoding=\"async\" src=\"\/\/bibesur.uprrp.edu\/wp-content\/plugins\/revslider\/public\/assets\/assets\/dummy.png\" alt=\"\" class=\"tp-rs-img rs-lazyload\" data-lazyload=\"\" data-no-retina> \n\t\t\t\t\t\t\t<\/rs-layer><!--\n-->\t\t\t\t\t\t<\/rs-slide>\n\t\t\t\t\t\t<rs-slide style=\"position: absolute;\" data-key=\"rs-1\" data-title=\"Slide\" data-duration=\"3000\" data-in=\"o:0;\" data-out=\"a:false;\">\n\t\t\t\t\t\t\t<img decoding=\"async\" src=\"\/\/bibesur.uprrp.edu\/wp-content\/plugins\/revslider\/public\/assets\/assets\/dummy.png\" alt=\"\" title=\"19567181_403 copia\" width=\"940\" height=\"529\" class=\"rev-slidebg tp-rs-img rs-lazyload\" data-lazyload=\"\/\/bibesur.uprrp.edu\/wp-content\/uploads\/2019\/04\/19567181_403-copia.jpg\" data-no-retina>\n<!--\n\t\t\t\t\t\t\t--><rs-layer\n\t\t\t\t\t\t\t\tid=\"slider-1-slide-1-layer-3\" \n\t\t\t\t\t\t\t\tdata-type=\"image\"\n\t\t\t\t\t\t\t\tdata-rsp_ch=\"on\"\n\t\t\t\t\t\t\t\tdata-xy=\"x:-20px;y:-195px;\"\n\t\t\t\t\t\t\t\tdata-text=\"l:22;a:inherit;\"\n\t\t\t\t\t\t\t\tdata-dim=\"w:1092px;h:819px;\"\n\t\t\t\t\t\t\t\tdata-frame_999=\"o:0;st:w;sR:2700;\"\n\t\t\t\t\t\t\t\tstyle=\"z-index:6;\"\n\t\t\t\t\t\t\t><img decoding=\"async\" src=\"\/\/bibesur.uprrp.edu\/wp-content\/plugins\/revslider\/public\/assets\/assets\/dummy.png\" alt=\"\" class=\"tp-rs-img rs-lazyload\" data-lazyload=\"\" data-no-retina> \n\t\t\t\t\t\t\t<\/rs-layer><!--\n-->\t\t\t\t\t\t<\/rs-slide>\n\t\t\t\t\t\t<rs-slide style=\"position: absolute;\" data-key=\"rs-4\" data-title=\"Slide\" data-duration=\"3010\" data-in=\"o:0;\" data-out=\"a:false;\">\n\t\t\t\t\t\t\t<img decoding=\"async\" src=\"\/\/bibesur.uprrp.edu\/wp-content\/plugins\/revslider\/public\/assets\/assets\/dummy.png\" alt=\"\" title=\"1 copia\" width=\"1024\" height=\"681\" class=\"rev-slidebg tp-rs-img rs-lazyload\" data-lazyload=\"\/\/bibesur.uprrp.edu\/wp-content\/uploads\/2019\/04\/1-copia.jpg\" data-no-retina>\n<!--\n\t\t\t\t\t\t\t--><rs-layer\n\t\t\t\t\t\t\t\tid=\"slider-1-slide-4-layer-1\" \n\t\t\t\t\t\t\t\tdata-type=\"image\"\n\t\t\t\t\t\t\t\tdata-rsp_ch=\"on\"\n\t\t\t\t\t\t\t\tdata-xy=\"x:-46px;y:-90px;\"\n\t\t\t\t\t\t\t\tdata-text=\"l:22;a:inherit;\"\n\t\t\t\t\t\t\t\tdata-dim=\"w:1127px;h:725px;\"\n\t\t\t\t\t\t\t\tdata-frame_1=\"sR:10;\"\n\t\t\t\t\t\t\t\tdata-frame_999=\"o:0;st:w;sp:10;sR:2700;\"\n\t\t\t\t\t\t\t\tstyle=\"z-index:5;\"\n\t\t\t\t\t\t\t><img decoding=\"async\" src=\"\/\/bibesur.uprrp.edu\/wp-content\/plugins\/revslider\/public\/assets\/assets\/dummy.png\" alt=\"\" class=\"tp-rs-img rs-lazyload\" data-lazyload=\"\" data-no-retina> \n\t\t\t\t\t\t\t<\/rs-layer><!--\n-->\t\t\t\t\t\t<\/rs-slide>\n\t\t\t\t\t<\/rs-slides>\n\t\t\t\t<\/rs-module>\n\t\t\t\t<script>\n\t\t\t\t\tsetREVStartSize({c: 'rev_slider_1_1',rl:[1240,1024,778,480],el:[380],gw:[1024],gh:[380],type:'standard',justify:'',layout:'fullwidth',mh:\"0\"});if (window.RS_MODULES!==undefined && window.RS_MODULES.modules!==undefined && window.RS_MODULES.modules[\"revslider11\"]!==undefined) {window.RS_MODULES.modules[\"revslider11\"].once = false;window.revapi1 = undefined;if (window.RS_MODULES.checkMinimal!==undefined) window.RS_MODULES.checkMinimal()}\n\t\t\t\t<\/script>\n\t\t\t<\/rs-module-wrap>\n\t\t\t<!-- END REVOLUTION SLIDER -->\n<\/div>\n<hr \/>\n<h1><span style=\"color: #585959;\"><strong>Lista de referencias para la investigaci\u00f3n de los estudios urbanos<\/strong><\/span><\/h1>\n<p>&nbsp;<\/p>\n<p><span style=\"color: #585959;\">La lista de referencias para la investigaci\u00f3n de los estudios urbanos en Puerto Rico que aqu\u00ed presentamos es uno de los frutos del proceso de desarrollo de un nuevo espacio acad\u00e9mico. Este espacio tiene como uno de sus objetivos principales la producci\u00f3n de conocimiento sobre el desarrollo urbano en Puerto Rico y el Caribe.\u00a0 A este efecto, como parte del ejercicio de desarrollo curricular y de la experiencia de impartir cursos sobre la tem\u00e1tica, se hizo evidente la necesidad de hacer acopio de referencias relativas a los estudios urbanos de Puerto Rico. Al promover la producci\u00f3n del conocimiento entre los estudiantes, surge la necesidad de proveer una herramienta que facilite la investigaci\u00f3n en el \u00e1rea, particularmente en lo relacionado a la experiencia urbana y de urbanizaci\u00f3n de Puerto Rico. Como resultado de la mirada interdisciplinaria de los estudios urbanos, los recursos de investigaci\u00f3n se encuentran dispersos en diferentes bibliotecas y colecciones.<\/span><\/p>\n<p><span style=\"color: #585959;\">Algunos de los textos, adem\u00e1s por ser de diversas disciplinas, se acceden mediante buscadores especializados. Por consiguiente, se hizo urgente crear esta herramienta para la investigaci\u00f3n que le proveyera a los investigadores una gu\u00eda inicial sobre la existencia de investigaciones y publicaciones vinculadas a la tem\u00e1tica. Nos percatamos que no hab\u00eda un espacio de referencia bibliogr\u00e1fica sobre la tem\u00e1tica en Puerto Rico y que los trabajos que se hab\u00edan desarrollado sobre la misma se identificaban mediante diversas l\u00edneas disciplinarias. Consideramos que ser\u00eda \u00fatil hacer una bibliograf\u00eda que, desde diversas miradas, hubieran adelantado la investigaci\u00f3n sobre la amplia tem\u00e1tica. Con esta finalidad, se comenz\u00f3 a hacer acopio de fichas bibliogr\u00e1ficas sobre publicaciones relacionadas y se da inicio a la primera versi\u00f3n de una lista de referencias.<\/span><\/p>\n<p>Hemos querido enfatizar la identificaci\u00f3n de escritos y fuentes de informaci\u00f3n general que den cuenta de las diversas miradas y tem\u00e1ticas del proceso de urbanizaci\u00f3n experimentado en Puerto Rico. A estos efectos, hemos incorporado textos que examinen el proceso de urbanizaci\u00f3n desde la perspectiva hist\u00f3rica, sociol\u00f3gica, geogr\u00e1fica, ambiental, arquitect\u00f3nica y art\u00edstica, entre otras. Identificamos solamente fuentes vinculadas a la experiencia de Puerto Rico, sin embargo, en una etapa subsiguiente, aspiramos a que este recurso se ampl\u00ede incorporando referencias del proceso de urbanizaci\u00f3n de otros espacios del Caribe, que es parte del enfoque del nuevo Programa Graduado.<\/p>\n<p>&nbsp;<\/p>\n<p><img loading=\"lazy\" decoding=\"async\" class=\"alignnone wp-image-7440 size-full\" src=\"https:\/\/bibesur.uprrp.edu\/wp-content\/uploads\/2019\/04\/EstUrb-1-e1556637418873.png\" alt=\"\" width=\"1078\" height=\"171\" \/><\/p>\n<p>&nbsp;<\/p>\n","protected":false},"excerpt":{"rendered":"<p>Lista de referencias para la investigaci\u00f3n de los estudios urbanos &nbsp; La lista de referencias para la investigaci\u00f3n de los estudios urbanos en Puerto Rico que aqu\u00ed presentamos es uno de los frutos del proceso de desarrollo de un nuevo espacio acad\u00e9mico. Este espacio tiene como uno de sus objetivos principales la producci\u00f3n de conocimiento<\/p>\n<div class=\"read-more\"><a href=\"https:\/\/bibesur.uprrp.edu\/\" title=\"Read More\">Read More<\/a><\/div>\n","protected":false},"author":2,"featured_media":0,"parent":0,"menu_order":0,"comment_status":"closed","ping_status":"closed","template":"page-blocks.php","meta":{"footnotes":""},"class_list":["post-6","page","type-page","status-publish"],"_links":{"self":[{"href":"https:\/\/bibesur.uprrp.edu\/index.php\/wp-json\/wp\/v2\/pages\/6","targetHints":{"allow":["GET"]}}],"collection":[{"href":"https:\/\/bibesur.uprrp.edu\/index.php\/wp-json\/wp\/v2\/pages"}],"about":[{"href":"https:\/\/bibesur.uprrp.edu\/index.php\/wp-json\/wp\/v2\/types\/page"}],"author":[{"embeddable":true,"href":"https:\/\/bibesur.uprrp.edu\/index.php\/wp-json\/wp\/v2\/users\/2"}],"replies":[{"embeddable":true,"href":"https:\/\/bibesur.uprrp.edu\/index.php\/wp-json\/wp\/v2\/comments?post=6"}],"version-history":[{"count":87,"href":"https:\/\/bibesur.uprrp.edu\/index.php\/wp-json\/wp\/v2\/pages\/6\/revisions"}],"predecessor-version":[{"id":7510,"href":"https:\/\/bibesur.uprrp.edu\/index.php\/wp-json\/wp\/v2\/pages\/6\/revisions\/7510"}],"wp:attachment":[{"href":"https:\/\/bibesur.uprrp.edu\/index.php\/wp-json\/wp\/v2\/media?parent=6"}],"curies":[{"name":"wp","href":"https:\/\/api.w.org\/{rel}","templated":true}]}}